{"id":19505,"date":"2021-05-27T21:01:11","date_gmt":"2021-05-27T18:01:11","guid":{"rendered":"https:\/\/new.beyazbutik.com.tr\/?post_type=product&#038;p=19505"},"modified":"2025-02-22T21:15:42","modified_gmt":"2025-02-22T18:15:42","slug":"angela-bold","status":"publish","type":"product","link":"https:\/\/beyazbutik.com\/en\/product\/angela-bold\/","title":{"rendered":"Angela bold"},"content":{"rendered":"<p>.<\/p>\n","protected":false},"excerpt":{"rendered":"<p>\u00d6zel El \u0130\u015f\u00e7ili\u011fi<\/p>\n<p>%80 Kristal<br \/>\n%20 Metal<\/p>\n","protected":false},"featured_media":19537,"template":"","meta":[],"product_brand":[],"product_cat":[199],"product_tag":[],"class_list":{"0":"post-19505","1":"product","2":"type-product","3":"status-publish","4":"has-post-thumbnail","6":"product_cat-aksesuar","7":"pa_renk-gumus","9":"first","10":"instock","11":"shipping-taxable","12":"product-type-simple"},"_links":{"self":[{"href":"https:\/\/beyazbutik.com\/en\/wp-json\/wp\/v2\/product\/19505","targetHints":{"allow":["GET"]}}],"collection":[{"href":"https:\/\/beyazbutik.com\/en\/wp-json\/wp\/v2\/product"}],"about":[{"href":"https:\/\/beyazbutik.com\/en\/wp-json\/wp\/v2\/types\/product"}],"version-history":[{"count":1,"href":"https:\/\/beyazbutik.com\/en\/wp-json\/wp\/v2\/product\/19505\/revisions"}],"predecessor-version":[{"id":26178,"href":"https:\/\/beyazbutik.com\/en\/wp-json\/wp\/v2\/product\/19505\/revisions\/26178"}],"wp:featuredmedia":[{"embeddable":true,"href":"https:\/\/beyazbutik.com\/en\/wp-json\/wp\/v2\/media\/19537"}],"wp:attachment":[{"href":"https:\/\/beyazbutik.com\/en\/wp-json\/wp\/v2\/media?parent=19505"}],"wp:term":[{"taxonomy":"product_brand","embeddable":true,"href":"https:\/\/beyazbutik.com\/en\/wp-json\/wp\/v2\/product_brand?post=19505"},{"taxonomy":"product_cat","embeddable":true,"href":"https:\/\/beyazbutik.com\/en\/wp-json\/wp\/v2\/product_cat?post=19505"},{"taxonomy":"product_tag","embeddable":true,"href":"https:\/\/beyazbutik.com\/en\/wp-json\/wp\/v2\/product_tag?post=19505"}],"curies":[{"name":"wp","href":"https:\/\/api.w.org\/{rel}","templated":true}]}}