{"id":19509,"date":"2021-05-28T00:55:07","date_gmt":"2021-05-27T21:55:07","guid":{"rendered":"https:\/\/new.beyazbutik.com.tr\/?post_type=product&#038;p=19509"},"modified":"2025-02-22T21:15:42","modified_gmt":"2025-02-22T18:15:42","slug":"bagetta","status":"publish","type":"product","link":"https:\/\/beyazbutik.com\/en\/product\/bagetta\/","title":{"rendered":"Bagetta"},"content":{"rendered":"<p>.<\/p>\n","protected":false},"excerpt":{"rendered":"<p>\u00d6zel El \u0130\u015f\u00e7ili\u011fi<\/p>\n<p>%85 Cam Kristal<br \/>\n%10 Polyester<br \/>\n%5 Polyamide<\/p>\n","protected":false},"featured_media":19536,"template":"","meta":[],"product_brand":[],"product_cat":[199],"product_tag":[],"class_list":{"0":"post-19509","1":"product","2":"type-product","3":"status-publish","4":"has-post-thumbnail","6":"product_cat-aksesuar","7":"pa_renk-gumus","9":"first","10":"instock","11":"shipping-taxable","12":"product-type-simple"},"_links":{"self":[{"href":"https:\/\/beyazbutik.com\/en\/wp-json\/wp\/v2\/product\/19509","targetHints":{"allow":["GET"]}}],"collection":[{"href":"https:\/\/beyazbutik.com\/en\/wp-json\/wp\/v2\/product"}],"about":[{"href":"https:\/\/beyazbutik.com\/en\/wp-json\/wp\/v2\/types\/product"}],"version-history":[{"count":1,"href":"https:\/\/beyazbutik.com\/en\/wp-json\/wp\/v2\/product\/19509\/revisions"}],"predecessor-version":[{"id":26179,"href":"https:\/\/beyazbutik.com\/en\/wp-json\/wp\/v2\/product\/19509\/revisions\/26179"}],"wp:featuredmedia":[{"embeddable":true,"href":"https:\/\/beyazbutik.com\/en\/wp-json\/wp\/v2\/media\/19536"}],"wp:attachment":[{"href":"https:\/\/beyazbutik.com\/en\/wp-json\/wp\/v2\/media?parent=19509"}],"wp:term":[{"taxonomy":"product_brand","embeddable":true,"href":"https:\/\/beyazbutik.com\/en\/wp-json\/wp\/v2\/product_brand?post=19509"},{"taxonomy":"product_cat","embeddable":true,"href":"https:\/\/beyazbutik.com\/en\/wp-json\/wp\/v2\/product_cat?post=19509"},{"taxonomy":"product_tag","embeddable":true,"href":"https:\/\/beyazbutik.com\/en\/wp-json\/wp\/v2\/product_tag?post=19509"}],"curies":[{"name":"wp","href":"https:\/\/api.w.org\/{rel}","templated":true}]}}