{"id":19513,"date":"2021-05-28T01:08:14","date_gmt":"2021-05-27T22:08:14","guid":{"rendered":"https:\/\/new.beyazbutik.com.tr\/?post_type=product&#038;p=19513"},"modified":"2025-02-22T21:15:42","modified_gmt":"2025-02-22T18:15:42","slug":"bella-2","status":"publish","type":"product","link":"https:\/\/beyazbutik.com\/en\/product\/bella-2\/","title":{"rendered":"Bella"},"content":{"rendered":"<p>.<\/p>\n","protected":false},"excerpt":{"rendered":"<p>\u00d6zel El \u0130\u015f\u00e7ili\u011fi<\/p>\n<p>%75 \u0130pek Mikado<br \/>\n%25 Poliamid<\/p>\n","protected":false},"featured_media":19532,"template":"","meta":[],"product_brand":[],"product_cat":[199],"product_tag":[],"class_list":{"0":"post-19513","1":"product","2":"type-product","3":"status-publish","4":"has-post-thumbnail","6":"product_cat-aksesuar","7":"pa_renk-beyaz","9":"first","10":"instock","11":"shipping-taxable","12":"product-type-simple"},"_links":{"self":[{"href":"https:\/\/beyazbutik.com\/en\/wp-json\/wp\/v2\/product\/19513","targetHints":{"allow":["GET"]}}],"collection":[{"href":"https:\/\/beyazbutik.com\/en\/wp-json\/wp\/v2\/product"}],"about":[{"href":"https:\/\/beyazbutik.com\/en\/wp-json\/wp\/v2\/types\/product"}],"version-history":[{"count":2,"href":"https:\/\/beyazbutik.com\/en\/wp-json\/wp\/v2\/product\/19513\/revisions"}],"predecessor-version":[{"id":26180,"href":"https:\/\/beyazbutik.com\/en\/wp-json\/wp\/v2\/product\/19513\/revisions\/26180"}],"wp:featuredmedia":[{"embeddable":true,"href":"https:\/\/beyazbutik.com\/en\/wp-json\/wp\/v2\/media\/19532"}],"wp:attachment":[{"href":"https:\/\/beyazbutik.com\/en\/wp-json\/wp\/v2\/media?parent=19513"}],"wp:term":[{"taxonomy":"product_brand","embeddable":true,"href":"https:\/\/beyazbutik.com\/en\/wp-json\/wp\/v2\/product_brand?post=19513"},{"taxonomy":"product_cat","embeddable":true,"href":"https:\/\/beyazbutik.com\/en\/wp-json\/wp\/v2\/product_cat?post=19513"},{"taxonomy":"product_tag","embeddable":true,"href":"https:\/\/beyazbutik.com\/en\/wp-json\/wp\/v2\/product_tag?post=19513"}],"curies":[{"name":"wp","href":"https:\/\/api.w.org\/{rel}","templated":true}]}}