{"id":19522,"date":"2021-05-28T01:26:45","date_gmt":"2021-05-27T22:26:45","guid":{"rendered":"https:\/\/new.beyazbutik.com.tr\/?post_type=product&#038;p=19522"},"modified":"2025-02-22T21:15:51","modified_gmt":"2025-02-22T18:15:51","slug":"brilla-mini","status":"publish","type":"product","link":"https:\/\/beyazbutik.com\/en\/product\/brilla-mini\/","title":{"rendered":"Brilla Mini"},"content":{"rendered":"<p>.<\/p>\n","protected":false},"excerpt":{"rendered":"<p>\u00d6zel El \u0130\u015f\u00e7ili\u011fi<\/p>\n<p>Brilla Mini sa\u00e7 band\u0131, minik kristallerin \u00fczerinde s\u0131ralanm\u0131\u015f 8mm b\u00fcy\u00fckl\u00fc\u011f\u00fcndeki kare ta\u015flardan olu\u015fmaktad\u0131r.<\/p>\n<p>%50 Kristal<br \/>\n%40 Cam Kristal<br \/>\n%5 Metal<br \/>\n%5 Polyester<\/p>\n","protected":false},"featured_media":19535,"template":"","meta":[],"product_brand":[],"product_cat":[199],"product_tag":[],"class_list":{"0":"post-19522","1":"product","2":"type-product","3":"status-publish","4":"has-post-thumbnail","6":"product_cat-aksesuar","7":"pa_renk-gumus","9":"first","10":"instock","11":"shipping-taxable","12":"product-type-simple"},"_links":{"self":[{"href":"https:\/\/beyazbutik.com\/en\/wp-json\/wp\/v2\/product\/19522","targetHints":{"allow":["GET"]}}],"collection":[{"href":"https:\/\/beyazbutik.com\/en\/wp-json\/wp\/v2\/product"}],"about":[{"href":"https:\/\/beyazbutik.com\/en\/wp-json\/wp\/v2\/types\/product"}],"version-history":[{"count":1,"href":"https:\/\/beyazbutik.com\/en\/wp-json\/wp\/v2\/product\/19522\/revisions"}],"predecessor-version":[{"id":26182,"href":"https:\/\/beyazbutik.com\/en\/wp-json\/wp\/v2\/product\/19522\/revisions\/26182"}],"wp:featuredmedia":[{"embeddable":true,"href":"https:\/\/beyazbutik.com\/en\/wp-json\/wp\/v2\/media\/19535"}],"wp:attachment":[{"href":"https:\/\/beyazbutik.com\/en\/wp-json\/wp\/v2\/media?parent=19522"}],"wp:term":[{"taxonomy":"product_brand","embeddable":true,"href":"https:\/\/beyazbutik.com\/en\/wp-json\/wp\/v2\/product_brand?post=19522"},{"taxonomy":"product_cat","embeddable":true,"href":"https:\/\/beyazbutik.com\/en\/wp-json\/wp\/v2\/product_cat?post=19522"},{"taxonomy":"product_tag","embeddable":true,"href":"https:\/\/beyazbutik.com\/en\/wp-json\/wp\/v2\/product_tag?post=19522"}],"curies":[{"name":"wp","href":"https:\/\/api.w.org\/{rel}","templated":true}]}}