{"id":20229,"date":"2021-09-21T21:44:42","date_gmt":"2021-09-21T18:44:42","guid":{"rendered":"https:\/\/beyazbutik.com\/?post_type=product&#038;p=20229"},"modified":"2025-02-22T21:09:11","modified_gmt":"2025-02-22T18:09:11","slug":"cemberli-kristal-tuylu-tac","status":"publish","type":"product","link":"https:\/\/beyazbutik.com\/en\/product\/cemberli-kristal-tuylu-tac\/","title":{"rendered":"Ta\u00e7"},"content":{"rendered":"<p>.<\/p>\n","protected":false},"excerpt":{"rendered":"<p>\u00c7emberli kristal t\u00fcyl\u00fc ta\u00e7.<\/p>\n","protected":false},"featured_media":20114,"template":"","meta":[],"product_brand":[],"product_cat":[199],"product_tag":[],"class_list":{"0":"post-20229","1":"product","2":"type-product","3":"status-publish","4":"has-post-thumbnail","6":"product_cat-aksesuar","7":"pa_renk-seffaf","9":"first","10":"instock","11":"shipping-taxable","12":"product-type-simple"},"_links":{"self":[{"href":"https:\/\/beyazbutik.com\/en\/wp-json\/wp\/v2\/product\/20229","targetHints":{"allow":["GET"]}}],"collection":[{"href":"https:\/\/beyazbutik.com\/en\/wp-json\/wp\/v2\/product"}],"about":[{"href":"https:\/\/beyazbutik.com\/en\/wp-json\/wp\/v2\/types\/product"}],"version-history":[{"count":1,"href":"https:\/\/beyazbutik.com\/en\/wp-json\/wp\/v2\/product\/20229\/revisions"}],"predecessor-version":[{"id":26132,"href":"https:\/\/beyazbutik.com\/en\/wp-json\/wp\/v2\/product\/20229\/revisions\/26132"}],"wp:featuredmedia":[{"embeddable":true,"href":"https:\/\/beyazbutik.com\/en\/wp-json\/wp\/v2\/media\/20114"}],"wp:attachment":[{"href":"https:\/\/beyazbutik.com\/en\/wp-json\/wp\/v2\/media?parent=20229"}],"wp:term":[{"taxonomy":"product_brand","embeddable":true,"href":"https:\/\/beyazbutik.com\/en\/wp-json\/wp\/v2\/product_brand?post=20229"},{"taxonomy":"product_cat","embeddable":true,"href":"https:\/\/beyazbutik.com\/en\/wp-json\/wp\/v2\/product_cat?post=20229"},{"taxonomy":"product_tag","embeddable":true,"href":"https:\/\/beyazbutik.com\/en\/wp-json\/wp\/v2\/product_tag?post=20229"}],"curies":[{"name":"wp","href":"https:\/\/api.w.org\/{rel}","templated":true}]}}