{"id":20241,"date":"2021-09-21T22:16:59","date_gmt":"2021-09-21T19:16:59","guid":{"rendered":"https:\/\/beyazbutik.com\/?post_type=product&#038;p=20241"},"modified":"2025-02-22T21:14:15","modified_gmt":"2025-02-22T18:14:15","slug":"tasli-tuylu-fileli-kep","status":"publish","type":"product","link":"https:\/\/beyazbutik.com\/en\/product\/tasli-tuylu-fileli-kep\/","title":{"rendered":"Kep"},"content":{"rendered":"<p>.<\/p>\n","protected":false},"excerpt":{"rendered":"<p>Ta\u015fl\u0131 t\u00fcyl\u00fc fileli kep.<\/p>\n","protected":false},"featured_media":20150,"template":"","meta":[],"product_brand":[],"product_cat":[199],"product_tag":[],"class_list":{"0":"post-20241","1":"product","2":"type-product","3":"status-publish","4":"has-post-thumbnail","6":"product_cat-aksesuar","7":"pa_renk-beyaz","9":"first","10":"instock","11":"shipping-taxable","12":"product-type-simple"},"_links":{"self":[{"href":"https:\/\/beyazbutik.com\/en\/wp-json\/wp\/v2\/product\/20241","targetHints":{"allow":["GET"]}}],"collection":[{"href":"https:\/\/beyazbutik.com\/en\/wp-json\/wp\/v2\/product"}],"about":[{"href":"https:\/\/beyazbutik.com\/en\/wp-json\/wp\/v2\/types\/product"}],"version-history":[{"count":1,"href":"https:\/\/beyazbutik.com\/en\/wp-json\/wp\/v2\/product\/20241\/revisions"}],"predecessor-version":[{"id":26167,"href":"https:\/\/beyazbutik.com\/en\/wp-json\/wp\/v2\/product\/20241\/revisions\/26167"}],"wp:featuredmedia":[{"embeddable":true,"href":"https:\/\/beyazbutik.com\/en\/wp-json\/wp\/v2\/media\/20150"}],"wp:attachment":[{"href":"https:\/\/beyazbutik.com\/en\/wp-json\/wp\/v2\/media?parent=20241"}],"wp:term":[{"taxonomy":"product_brand","embeddable":true,"href":"https:\/\/beyazbutik.com\/en\/wp-json\/wp\/v2\/product_brand?post=20241"},{"taxonomy":"product_cat","embeddable":true,"href":"https:\/\/beyazbutik.com\/en\/wp-json\/wp\/v2\/product_cat?post=20241"},{"taxonomy":"product_tag","embeddable":true,"href":"https:\/\/beyazbutik.com\/en\/wp-json\/wp\/v2\/product_tag?post=20241"}],"curies":[{"name":"wp","href":"https:\/\/api.w.org\/{rel}","templated":true}]}}