{"id":20252,"date":"2021-09-21T22:31:38","date_gmt":"2021-09-21T19:31:38","guid":{"rendered":"https:\/\/beyazbutik.com\/?post_type=product&#038;p=20252"},"modified":"2025-02-22T21:15:06","modified_gmt":"2025-02-22T18:15:06","slug":"incili-tasli-tarak","status":"publish","type":"product","link":"https:\/\/beyazbutik.com\/en\/product\/incili-tasli-tarak\/","title":{"rendered":"Tarak"},"content":{"rendered":"<p>.<\/p>\n","protected":false},"excerpt":{"rendered":"<p>\u0130ncili ta\u015fl\u0131 tarak.<\/p>\n","protected":false},"featured_media":20165,"template":"","meta":[],"product_brand":[],"product_cat":[199],"product_tag":[],"class_list":{"0":"post-20252","1":"product","2":"type-product","3":"status-publish","4":"has-post-thumbnail","6":"product_cat-aksesuar","7":"pa_renk-beyaz","8":"pa_renk-seffaf","10":"first","11":"instock","12":"shipping-taxable","13":"product-type-simple"},"_links":{"self":[{"href":"https:\/\/beyazbutik.com\/en\/wp-json\/wp\/v2\/product\/20252","targetHints":{"allow":["GET"]}}],"collection":[{"href":"https:\/\/beyazbutik.com\/en\/wp-json\/wp\/v2\/product"}],"about":[{"href":"https:\/\/beyazbutik.com\/en\/wp-json\/wp\/v2\/types\/product"}],"version-history":[{"count":1,"href":"https:\/\/beyazbutik.com\/en\/wp-json\/wp\/v2\/product\/20252\/revisions"}],"predecessor-version":[{"id":26176,"href":"https:\/\/beyazbutik.com\/en\/wp-json\/wp\/v2\/product\/20252\/revisions\/26176"}],"wp:featuredmedia":[{"embeddable":true,"href":"https:\/\/beyazbutik.com\/en\/wp-json\/wp\/v2\/media\/20165"}],"wp:attachment":[{"href":"https:\/\/beyazbutik.com\/en\/wp-json\/wp\/v2\/media?parent=20252"}],"wp:term":[{"taxonomy":"product_brand","embeddable":true,"href":"https:\/\/beyazbutik.com\/en\/wp-json\/wp\/v2\/product_brand?post=20252"},{"taxonomy":"product_cat","embeddable":true,"href":"https:\/\/beyazbutik.com\/en\/wp-json\/wp\/v2\/product_cat?post=20252"},{"taxonomy":"product_tag","embeddable":true,"href":"https:\/\/beyazbutik.com\/en\/wp-json\/wp\/v2\/product_tag?post=20252"}],"curies":[{"name":"wp","href":"https:\/\/api.w.org\/{rel}","templated":true}]}}