{"id":23595,"date":"2023-02-08T00:55:31","date_gmt":"2023-02-07T21:55:31","guid":{"rendered":"https:\/\/beyazbutik.com\/product\/olivia\/"},"modified":"2025-04-16T00:28:04","modified_gmt":"2025-04-15T21:28:04","slug":"olivia","status":"publish","type":"product","link":"https:\/\/beyazbutik.com\/en\/product\/olivia\/","title":{"rendered":"Olivia"},"content":{"rendered":"","protected":false},"excerpt":{"rendered":"<p>Dantel i\u015flemeli korsaj\u0131 ve d\u00fc\u015f\u00fck omuz detaylar\u0131yla sofistike bir gelinlik. Ak\u0131\u015fkan ete\u011fiyle zarif bir siluet sunuyor.<\/p>\n","protected":false},"featured_media":23416,"template":"","meta":[],"product_brand":[],"product_cat":[306,307],"product_tag":[],"class_list":{"0":"post-23595","1":"product","2":"type-product","3":"status-publish","4":"has-post-thumbnail","6":"product_cat-bridal","7":"product_cat-jardin-secret-en","9":"first","10":"instock","11":"shipping-taxable","12":"product-type-simple"},"_links":{"self":[{"href":"https:\/\/beyazbutik.com\/en\/wp-json\/wp\/v2\/product\/23595","targetHints":{"allow":["GET"]}}],"collection":[{"href":"https:\/\/beyazbutik.com\/en\/wp-json\/wp\/v2\/product"}],"about":[{"href":"https:\/\/beyazbutik.com\/en\/wp-json\/wp\/v2\/types\/product"}],"version-history":[{"count":1,"href":"https:\/\/beyazbutik.com\/en\/wp-json\/wp\/v2\/product\/23595\/revisions"}],"predecessor-version":[{"id":26789,"href":"https:\/\/beyazbutik.com\/en\/wp-json\/wp\/v2\/product\/23595\/revisions\/26789"}],"wp:featuredmedia":[{"embeddable":true,"href":"https:\/\/beyazbutik.com\/en\/wp-json\/wp\/v2\/media\/23416"}],"wp:attachment":[{"href":"https:\/\/beyazbutik.com\/en\/wp-json\/wp\/v2\/media?parent=23595"}],"wp:term":[{"taxonomy":"product_brand","embeddable":true,"href":"https:\/\/beyazbutik.com\/en\/wp-json\/wp\/v2\/product_brand?post=23595"},{"taxonomy":"product_cat","embeddable":true,"href":"https:\/\/beyazbutik.com\/en\/wp-json\/wp\/v2\/product_cat?post=23595"},{"taxonomy":"product_tag","embeddable":true,"href":"https:\/\/beyazbutik.com\/en\/wp-json\/wp\/v2\/product_tag?post=23595"}],"curies":[{"name":"wp","href":"https:\/\/api.w.org\/{rel}","templated":true}]}}