{"id":26462,"date":"2025-02-22T18:19:03","date_gmt":"2025-02-22T15:19:03","guid":{"rendered":"https:\/\/beyazbutik.com\/product\/bag\/"},"modified":"2025-02-22T18:19:03","modified_gmt":"2025-02-22T15:19:03","slug":"bag","status":"publish","type":"product","link":"https:\/\/beyazbutik.com\/en\/product\/bag\/","title":{"rendered":"Ba\u011f"},"content":{"rendered":"","protected":false},"excerpt":{"rendered":"<p>Crafted from chiffon fabric, with a corset adorned in gold glitter and civanka\u015f\u0131 motifs, Ba\u011f redefines elegance with its fluidity and movement. Its flowing design and delicate details tell a story of heritage and grace, capturing the essence of timeless beauty.<\/p>\n","protected":false},"featured_media":25790,"template":"","meta":[],"product_brand":[],"product_cat":[296],"product_tag":[],"class_list":{"0":"post-26462","1":"product","2":"type-product","3":"status-publish","4":"has-post-thumbnail","6":"product_cat-yadigar-en","8":"first","9":"instock","10":"shipping-taxable","11":"product-type-simple"},"_links":{"self":[{"href":"https:\/\/beyazbutik.com\/en\/wp-json\/wp\/v2\/product\/26462","targetHints":{"allow":["GET"]}}],"collection":[{"href":"https:\/\/beyazbutik.com\/en\/wp-json\/wp\/v2\/product"}],"about":[{"href":"https:\/\/beyazbutik.com\/en\/wp-json\/wp\/v2\/types\/product"}],"version-history":[{"count":0,"href":"https:\/\/beyazbutik.com\/en\/wp-json\/wp\/v2\/product\/26462\/revisions"}],"wp:featuredmedia":[{"embeddable":true,"href":"https:\/\/beyazbutik.com\/en\/wp-json\/wp\/v2\/media\/25790"}],"wp:attachment":[{"href":"https:\/\/beyazbutik.com\/en\/wp-json\/wp\/v2\/media?parent=26462"}],"wp:term":[{"taxonomy":"product_brand","embeddable":true,"href":"https:\/\/beyazbutik.com\/en\/wp-json\/wp\/v2\/product_brand?post=26462"},{"taxonomy":"product_cat","embeddable":true,"href":"https:\/\/beyazbutik.com\/en\/wp-json\/wp\/v2\/product_cat?post=26462"},{"taxonomy":"product_tag","embeddable":true,"href":"https:\/\/beyazbutik.com\/en\/wp-json\/wp\/v2\/product_tag?post=26462"}],"curies":[{"name":"wp","href":"https:\/\/api.w.org\/{rel}","templated":true}]}}